{"id":8,"date":"2010-06-02T20:19:40","date_gmt":"2010-06-02T20:19:40","guid":{"rendered":"http:\/\/www.gs-upstalsboom.de\/wordpress\/?page_id=8"},"modified":"2010-06-03T12:59:24","modified_gmt":"2010-06-03T12:59:24","slug":"8","status":"publish","type":"page","link":"http:\/\/www.gs-upstalsboom.de\/?page_id=8","title":{"rendered":"Impressum"},"content":{"rendered":"<p><!--  Text: [begin] -->Verantwortlich f\u00fcr die Inhalte dieser Website<br \/>\nnach \u00a7 6 Medienstaatsvertrag (MDStV) ist:<\/p>\n<p><strong>Schulleiter Uwe Schumacher<\/strong><br \/>\nE-Mail: <a href=\"mailto:schulleitung@gs-upstalsboom.de\">schulleitung@gs-upstalsboom.de<\/a><\/p>\n<p><strong>Grundschule Upstalsboom<\/strong><br \/>\nZum Haxtumerfeld 4-6<br \/>\n26605 Aurich<br \/>\nTel: 04941-10663<br \/>\nE-Mail: <a href=\"mailto:info@gs-upstalsboom.de\">info@gs-upstalsboom.de<\/a><\/p>\n<p><strong>Gerichtstand<\/strong><br \/>\nAmtsgericht Aurich<\/p>\n<p><!--  Text: [end] --> <!--  CONTENT ELEMENT, uid:8\/text [end] --> <!--  CONTENT ELEMENT, uid:9\/text [begin] --> <!--  Header: [begin] --><\/p>\n<div>\n<h2>Haftungsausschluss<\/h2>\n<\/div>\n<p><!--  Header: [end] --> <!--  Text: [begin] --><strong>1. Haftungsbeschr\u00e4nkung<\/strong><br \/>\nDie Inhalte  dieser Website werden mit gr\u00f6\u00dftm\u00f6glicher Sorgfalt erstellt. Der Anbieter  \u00fcbernimmt jedoch keine Gew\u00e4hr f\u00fcr die Richtigkeit, Vollst\u00e4ndigkeit und  Aktualit\u00e4t der bereitgestellten Inhalte. Die Nutzung der Inhalte der  Website erfolgt auf eigene Gefahr des Nutzers. Namentlich  gekennzeichnete Beitr\u00e4ge geben die Meinung des jeweiligen Autors und  nicht immer die Meinung des Anbieters wieder. Mit der reinen Nutzung der  Website des Anbieters kommt keinerlei Vertragsverh\u00e4ltnis zwischen dem  Nutzer und dem Anbieter zustande.<\/p>\n<p><strong>2. Externe Links<br \/>\n<\/strong>Diese  Website enth\u00e4lt Verkn\u00fcpfungen zu Websites Dritter (&#8222;externe Links&#8220;).  Diese Websites unterliegen der Haftung der jeweiligen Betreiber. Der  Anbieter hat bei der erstmaligen Verkn\u00fcpfung der externen Links die  fremden Inhalte daraufhin \u00fcberpr\u00fcft, ob etwaige Rechtsverst\u00f6\u00dfe bestehen.  Zu dem Zeitpunkt waren keine Rechtsverst\u00f6\u00dfe ersichtlich. Der Anbieter  hat keinerlei Einfluss auf die aktuelle und zuk\u00fcnftige Gestaltung und  auf die Inhalte der verkn\u00fcpften Seiten. Das Setzen von externen Links  bedeutet nicht, dass sich der Anbieter die hinter dem Verweis oder Link  liegenden Inhalte zu Eigen macht. Eine st\u00e4ndige Kontrolle der externen  Links ist f\u00fcr den Anbieter ohne konkrete Hinweise auf Rechtsverst\u00f6\u00dfe  nicht zumutbar. Bei Kenntnis von Rechtsverst\u00f6\u00dfen werden jedoch derartige  externe Links unverz\u00fcglich gel\u00f6scht.<\/p>\n<p><strong>3. Urheber- und  Leistungsschutzrechte<br \/>\n<\/strong>Die auf dieser Website ver\u00f6ffentlichten  Inhalte unterliegen dem deutschen Urheber- und Leistungsschutzrecht.  Jede vom deutschen Urheber- und Leistungsschutzrecht nicht zugelassene  Verwertung bedarf der vorherigen schriftlichen Zustimmung des Anbieters  oder jeweiligen Rechteinhabers. Dies gilt insbesondere f\u00fcr  Vervielf\u00e4ltigung, Bearbeitung, \u00dcbersetzung, Einspeicherung, Verarbeitung  bzw. Wiedergabe von Inhalten in Datenbanken oder anderen elektronischen  Medien und Systemen. Inhalte und Rechte Dritter sind dabei als solche  gekennzeichnet. Die unerlaubte Vervielf\u00e4ltigung oder Weitergabe  einzelner Inhalte oder kompletter Seiten ist nicht gestattet und  strafbar. Lediglich die Herstellung von Kopien und Downloads f\u00fcr den  pers\u00f6nlichen, privaten und nicht kommerziellen Gebrauch ist erlaubt. Die  Darstellung dieser Website in fremden Frames ist nur mit schriftlicher  Erlaubnis zul\u00e4ssig.<\/p>\n<p><strong>4. Datenschutz<br \/>\n<\/strong>Durch den Besuch der  Website des Anbieters k\u00f6nnen Informationen \u00fcber den Zugriff (Datum,  Uhrzeit, betrachtete Seite) gespeichert werden. Diese Daten geh\u00f6ren  nicht zu den personenbezogenen Daten, sondern sind anonymisiert. Sie  werden ausschlie\u00dflich zu statistischen Zwecken ausgewertet. Eine  Weitergabe an Dritte, zu kommerziellen oder nichtkommerziellen Zwecken,  findet nicht statt. Der Anbieter weist ausdr\u00fccklich darauf hin, dass die  Daten\u00fcbertragung im Internet (z.B. bei der Kommunikation per E-Mail)  Sicherheitsl\u00fccken aufweisen und nicht l\u00fcckenlos vor dem Zugriff durch  Dritte gesch\u00fctzt werden kann. Die Verwendung der Kontaktdaten des  Impressums zur gewerblichen Werbung ist ausdr\u00fccklich nicht erw\u00fcnscht, es  sei denn der Anbieter hatte zuvor seine schriftliche Einwilligung  erteilt oder es besteht bereits eine Gesch\u00e4ftsbeziehung. Der Anbieter  und alle auf dieser Website genannten Personen widersprechen hiermit  jeder kommerziellen Verwendung und Weitergabe ihrer Daten.<\/p>\n","protected":false},"excerpt":{"rendered":"<p>Verantwortlich f\u00fcr die Inhalte dieser Website nach \u00a7 6 Medienstaatsvertrag (MDStV) ist: Schulleiter Uwe Schumacher E-Mail: schulleitung@gs-upstalsboom.de Grundschule Upstalsboom Zum Haxtumerfeld 4-6 26605 Aurich Tel: 04941-10663 E-Mail: info@gs-upstalsboom.de Gerichtstand Amtsgericht Aurich Haftungsausschluss 1. Haftungsbeschr\u00e4nkung Die Inhalte dieser Website werden mit gr\u00f6\u00dftm\u00f6glicher Sorgfalt erstellt. Der Anbieter \u00fcbernimmt jedoch keine Gew\u00e4hr f\u00fcr die Richtigkeit, Vollst\u00e4ndigkeit und Aktualit\u00e4t [&hellip;]<\/p>\n","protected":false},"author":1,"featured_media":0,"parent":0,"menu_order":13,"comment_status":"closed","ping_status":"closed","template":"","meta":[],"_links":{"self":[{"href":"http:\/\/www.gs-upstalsboom.de\/index.php?rest_route=\/wp\/v2\/pages\/8"}],"collection":[{"href":"http:\/\/www.gs-upstalsboom.de\/index.php?rest_route=\/wp\/v2\/pages"}],"about":[{"href":"http:\/\/www.gs-upstalsboom.de\/index.php?rest_route=\/wp\/v2\/types\/page"}],"author":[{"embeddable":true,"href":"http:\/\/www.gs-upstalsboom.de\/index.php?rest_route=\/wp\/v2\/users\/1"}],"replies":[{"embeddable":true,"href":"http:\/\/www.gs-upstalsboom.de\/index.php?rest_route=%2Fwp%2Fv2%2Fcomments&post=8"}],"version-history":[{"count":16,"href":"http:\/\/www.gs-upstalsboom.de\/index.php?rest_route=\/wp\/v2\/pages\/8\/revisions"}],"predecessor-version":[{"id":15,"href":"http:\/\/www.gs-upstalsboom.de\/index.php?rest_route=\/wp\/v2\/pages\/8\/revisions\/15"}],"wp:attachment":[{"href":"http:\/\/www.gs-upstalsboom.de\/index.php?rest_route=%2Fwp%2Fv2%2Fmedia&parent=8"}],"curies":[{"name":"wp","href":"https:\/\/api.w.org\/{rel}","templated":true}]}}